{"id":2,"date":"2021-01-16T13:47:34","date_gmt":"2021-01-16T12:47:34","guid":{"rendered":"https:\/\/ecoleslibresawans.be\/?page_id=2"},"modified":"2025-09-17T08:03:04","modified_gmt":"2025-09-17T06:03:04","slug":"page-d-exemple","status":"publish","type":"page","link":"https:\/\/ecoleslibresawans.be\/","title":{"rendered":"Contacts"},"content":{"rendered":"<p>[et_pb_section fb_built=\u00a0\u00bb1&Prime; admin_label=\u00a0\u00bbsection\u00a0\u00bb _builder_version=\u00a0\u00bb4.16&Prime; background_color=\u00a0\u00bbrgba(226,167,104,0.28)\u00a0\u00bb global_colors_info=\u00a0\u00bb{}\u00a0\u00bb][et_pb_row _builder_version=\u00a0\u00bb4.16&Prime; _module_preset=\u00a0\u00bbdefault\u00a0\u00bb background_color=\u00a0\u00bbRGBA(0,0,0,0)\u00a0\u00bb global_colors_info=\u00a0\u00bb{}\u00a0\u00bb][et_pb_column type=\u00a0\u00bb4_4&Prime; _builder_version=\u00a0\u00bb4.16&Prime; _module_preset=\u00a0\u00bbdefault\u00a0\u00bb global_colors_info=\u00a0\u00bb{}\u00a0\u00bb][et_pb_accordion open_toggle_background_color=\u00a0\u00bb#FFFFFF\u00a0\u00bb closed_toggle_background_color=\u00a0\u00bb#FFFFFF\u00a0\u00bb _builder_version=\u00a0\u00bb4.16&Prime; _module_preset=\u00a0\u00bbdefault\u00a0\u00bb global_colors_info=\u00a0\u00bb{}\u00a0\u00bb][et_pb_accordion_item open=\u00a0\u00bbon\u00a0\u00bb open_toggle_background_color=\u00a0\u00bb#FFFFFF\u00a0\u00bb _builder_version=\u00a0\u00bb4.16&Prime; _module_preset=\u00a0\u00bbdefault\u00a0\u00bb text_shadow_style=\u00a0\u00bbpreset4&Prime; global_colors_info=\u00a0\u00bb{}\u00a0\u00bb]<\/p>\n<h1 style=\"text-align: center;\"><span style=\"font-size: xx-large;\"><strong>Ecoles Libres d&rsquo;Awans<\/strong><\/span><\/h1>\n<h2 style=\"text-align: center;\"><span style=\"font-size: large;\"><strong>Ecoles maternelles et primaires<\/strong><\/span><\/h2>\n<p>[\/et_pb_accordion_item][\/et_pb_accordion][\/et_pb_column][\/et_pb_row][et_pb_row admin_label=\u00a0\u00bbrow\u00a0\u00bb _builder_version=\u00a0\u00bb4.16&Prime; background_size=\u00a0\u00bbinitial\u00a0\u00bb background_position=\u00a0\u00bbtop_left\u00a0\u00bb background_repeat=\u00a0\u00bbrepeat\u00a0\u00bb global_colors_info=\u00a0\u00bb{}\u00a0\u00bb][et_pb_column type=\u00a0\u00bb4_4&Prime; _builder_version=\u00a0\u00bb4.16&Prime; custom_padding=\u00a0\u00bb|||\u00a0\u00bb global_colors_info=\u00a0\u00bb{}\u00a0\u00bb custom_padding__hover=\u00a0\u00bb|||\u00a0\u00bb][et_pb_text _builder_version=\u00a0\u00bb4.16&Prime; _module_preset=\u00a0\u00bbdefault\u00a0\u00bb text_font_size=\u00a0\u00bb30px\u00a0\u00bb min_height=\u00a0\u00bb220px\u00a0\u00bb global_colors_info=\u00a0\u00bb{}\u00a0\u00bb]<\/p>\n<p><strong>Awans : <\/strong><\/p>\n<p><span style=\"font-size: x-large;\"><strong>Maternelles et Primaires<\/strong><\/span><br \/><em><\/em><\/p>\n<p><span style=\"font-size: x-large;\">Rue Cl\u00e9ment Warnant 22-24, 4340 Awans<\/span><\/p>\n<p><span style=\"font-size: x-large;\"><em>04\/263.23.33<\/em><\/span><\/p>\n<p>[\/et_pb_text][et_pb_image src=\u00a0\u00bbhttps:\/\/ecoleslibresawans.be\/wp-content\/uploads\/2021\/08\/Ecole-St-Joseph-Awans-2.jpg\u00a0\u00bb title_text=\u00a0\u00bbEcole St Joseph Awans 2&Prime; align=\u00a0\u00bbcenter\u00a0\u00bb _builder_version=\u00a0\u00bb4.16&Prime; _module_preset=\u00a0\u00bbdefault\u00a0\u00bb custom_margin=\u00a0\u00bb||76px|||\u00a0\u00bb global_colors_info=\u00a0\u00bb{}\u00a0\u00bb][\/et_pb_image][et_pb_text _builder_version=\u00a0\u00bb4.16&Prime; _module_preset=\u00a0\u00bbdefault\u00a0\u00bb text_font_size=\u00a0\u00bb30px\u00a0\u00bb min_height=\u00a0\u00bb220px\u00a0\u00bb global_colors_info=\u00a0\u00bb{}\u00a0\u00bb]<\/p>\n<p><strong>Villers l&rsquo;Ev\u00eaque : <\/strong><\/p>\n<p><span style=\"font-size: x-large;\"><strong>Maternelles et Primaires<\/strong><\/span><\/p>\n<p><span style=\"font-size: x-large;\">Rue Rond du Roi Albert 14, 4340 Villers l&rsquo;Ev\u00eaque<\/span><\/p>\n<p><span style=\"font-size: x-large;\"><em>04\/257.63.14<\/em><\/span><\/p>\n<p>[\/et_pb_text][et_pb_image src=\u00a0\u00bbhttps:\/\/ecoleslibresawans.be\/wp-content\/uploads\/2021\/08\/Ecole-villets.jpg\u00a0\u00bb title_text=\u00a0\u00bbEcole villets\u00a0\u00bb align=\u00a0\u00bbcenter\u00a0\u00bb _builder_version=\u00a0\u00bb4.16&Prime; _module_preset=\u00a0\u00bbdefault\u00a0\u00bb custom_margin=\u00a0\u00bb||76px|||\u00a0\u00bb global_colors_info=\u00a0\u00bb{}\u00a0\u00bb][\/et_pb_image][et_pb_text _builder_version=\u00a0\u00bb4.16&Prime; _module_preset=\u00a0\u00bbdefault\u00a0\u00bb text_font_size=\u00a0\u00bb30px\u00a0\u00bb header_font_size=\u00a0\u00bb20px\u00a0\u00bb custom_padding=\u00a0\u00bb||43px|||\u00a0\u00bb global_colors_info=\u00a0\u00bb{}\u00a0\u00bb]<\/p>\n<p><strong>Hognoul : <\/strong><\/p>\n<p><span style=\"font-size: x-large;\"><strong>Maternelles<\/strong><\/span><\/p>\n<p><span style=\"font-size: x-large;\">Rue Regnier Lejeune 4, 4342 Hognoul<\/span><\/p>\n<p><span style=\"font-size: x-large;\"><em>04\/257.45.49<\/em><\/span><\/p>\n<p>[\/et_pb_text][\/et_pb_column][\/et_pb_row][et_pb_row _builder_version=\u00a0\u00bb4.16&Prime; _module_preset=\u00a0\u00bbdefault\u00a0\u00bb global_colors_info=\u00a0\u00bb{}\u00a0\u00bb][et_pb_column type=\u00a0\u00bb4_4&Prime; _builder_version=\u00a0\u00bb4.16&Prime; _module_preset=\u00a0\u00bbdefault\u00a0\u00bb global_colors_info=\u00a0\u00bb{}\u00a0\u00bb][et_pb_accordion _builder_version=\u00a0\u00bb4.16&Prime; _module_preset=\u00a0\u00bbdefault\u00a0\u00bb toggle_font_size=\u00a0\u00bb20px\u00a0\u00bb closed_toggle_font_size=\u00a0\u00bb20px\u00a0\u00bb body_font_size=\u00a0\u00bb20px\u00a0\u00bb global_colors_info=\u00a0\u00bb{}\u00a0\u00bb][et_pb_accordion_item open=\u00a0\u00bbon\u00a0\u00bb _builder_version=\u00a0\u00bb4.16&Prime; _module_preset=\u00a0\u00bbdefault\u00a0\u00bb global_colors_info=\u00a0\u00bb{}\u00a0\u00bb]<\/p>\n<h2><strong style=\"font-size: large;\">Direction :<\/strong><strong><\/strong><\/h2>\n<h1><span style=\"font-size: large;\">Madame For\u00eat <\/span><span style=\"font-size: large;\">: 04\/263.23.33<\/span><\/h1>\n<p><a href=\"mailto:direction@ecoleslibresawans.be\">direction@ecoleslibresawans.be<\/a><span style=\"font-size: large;\"><\/span><\/p>\n<p><span style=\"font-size: large;\"><\/span><\/p>\n<p><strong><\/strong><\/p>\n<p><strong>Secr\u00e9tariat de direction :<\/strong>\u00a0<\/p>\n<p>Madame Liliane Debouche : 04\/263.23.33<\/p>\n<p><a href=\"mailto:secretariat@ecoleslibresawans.be\">secretariat@ecoleslibresawans.be<\/a><\/p>\n<p>&nbsp;<\/p>\n<p><strong>Pouvoir Organisateur :<\/strong><\/p>\n<p>A.S.B.L. <em>Comit\u00e9s scolaires et Pouvoir organisateur des \u00e9coles libres d\u2019Awans<\/em><strong><\/strong><\/p>\n<p><em><\/em><\/p>\n<p><strong>Pr\u00e9sident<\/strong> : Monsieur Bernard Silvestre : 04\/263.11.92<\/p>\n<p><a href=\"mailto:president@ecoleslibresawans.be\">president@ecoleslibresawans.be<\/a>\u00a0<\/p>\n<p><strong>Tr\u00e9sorier<\/strong> : Monsieur Emile Lange<\/p>\n<p>&nbsp;<\/p>\n<p><strong>Adresse :<\/strong><\/p>\n<p>Rue Cl\u00e9ment Warnant 22-24, 4340 Awans<\/p>\n<p>[\/et_pb_accordion_item][\/et_pb_accordion][\/et_pb_column][\/et_pb_row][\/et_pb_section]<\/p>\n","protected":false},"excerpt":{"rendered":"<p>Ecoles Libres d&rsquo;Awans Ecoles maternelles et primairesAwans : Maternelles et Primaires Rue Cl\u00e9ment Warnant 22-24, 4340 Awans 04\/263.23.33Villers l&rsquo;Ev\u00eaque : Maternelles et Primaires Rue Rond du Roi Albert 14, 4340 Villers l&rsquo;Ev\u00eaque 04\/257.63.14Hognoul : Maternelles Rue Regnier Lejeune 4, 4342 Hognoul 04\/257.45.49Direction : Madame For\u00eat : 04\/263.23.33 direction@ecoleslibresawans.be Secr\u00e9tariat de direction :\u00a0 Madame Liliane Debouche [&hellip;]<\/p>\n","protected":false},"author":2,"featured_media":0,"parent":0,"menu_order":0,"comment_status":"closed","ping_status":"closed","template":"","meta":{"_et_pb_use_builder":"on","_et_pb_old_content":"<!-- wp:paragraph -->\n<p>Ceci est une page d\u2019exemple. C\u2019est diff\u00e9rent d\u2019un article de blog parce qu\u2019elle restera au m\u00eame endroit et appara\u00eetra dans la navigation de votre site (dans la plupart des th\u00e8mes). La plupart des gens commencent par une page \u00ab\u00a0\u00c0 propos\u00a0\u00bb qui les pr\u00e9sente aux personnes visitant du site. Cela pourrait ressembler \u00e0 quelque chose comme cela\u00a0:<\/p>\n<!-- \/wp:paragraph -->\n\n<!-- wp:quote -->\n<blockquote class=\"wp-block-quote\"><p>Bonjour\u00a0! Je suis un m\u00e9canicien qui aspire \u00e0 devenir acteur, et voici mon site. J\u2019habite \u00e0 Bordeaux, j\u2019ai un super chien baptis\u00e9 Russell, et j\u2019aime la vodka (ainsi qu\u2019\u00eatre surpris par la pluie soudaine lors de longues balades sur la plage au coucher du soleil).<\/p><\/blockquote>\n<!-- \/wp:quote -->\n\n<!-- wp:paragraph -->\n<p>\u2026ou quelque chose comme cela\u00a0:<\/p>\n<!-- \/wp:paragraph -->\n\n<!-- wp:quote -->\n<blockquote class=\"wp-block-quote\"><p>La soci\u00e9t\u00e9 123 Machin Truc a \u00e9t\u00e9 cr\u00e9\u00e9e en 1971, et n\u2019a cess\u00e9 de proposer au public des machins-trucs de qualit\u00e9 depuis lors. Situ\u00e9e \u00e0 Saint-Remy-en-Bouzemont-Saint-Genest-et-Isson, 123 Machin Truc emploie 2 000 personnes, et fabrique toutes sortes de bidules supers pour la communaut\u00e9 bouzemontoise.<\/p><\/blockquote>\n<!-- \/wp:quote -->\n\n<!-- wp:paragraph -->\n<p>En tant que nouvel utilisateur ou utilisatrice de WordPress, vous devriez vous rendre sur <a href=\"https:\/\/ecoleslibresawans.be\/wp-admin\/\">votre tableau de bord<\/a> pour supprimer cette page et cr\u00e9er de nouvelles pages pour votre contenu. Amusez-vous bien\u00a0!<\/p>\n<!-- \/wp:paragraph -->","_et_gb_content_width":"","footnotes":""},"class_list":["post-2","page","type-page","status-publish","hentry"],"_links":{"self":[{"href":"https:\/\/ecoleslibresawans.be\/index.php\/wp-json\/wp\/v2\/pages\/2","targetHints":{"allow":["GET"]}}],"collection":[{"href":"https:\/\/ecoleslibresawans.be\/index.php\/wp-json\/wp\/v2\/pages"}],"about":[{"href":"https:\/\/ecoleslibresawans.be\/index.php\/wp-json\/wp\/v2\/types\/page"}],"author":[{"embeddable":true,"href":"https:\/\/ecoleslibresawans.be\/index.php\/wp-json\/wp\/v2\/users\/2"}],"replies":[{"embeddable":true,"href":"https:\/\/ecoleslibresawans.be\/index.php\/wp-json\/wp\/v2\/comments?post=2"}],"version-history":[{"count":37,"href":"https:\/\/ecoleslibresawans.be\/index.php\/wp-json\/wp\/v2\/pages\/2\/revisions"}],"predecessor-version":[{"id":161,"href":"https:\/\/ecoleslibresawans.be\/index.php\/wp-json\/wp\/v2\/pages\/2\/revisions\/161"}],"wp:attachment":[{"href":"https:\/\/ecoleslibresawans.be\/index.php\/wp-json\/wp\/v2\/media?parent=2"}],"curies":[{"name":"wp","href":"https:\/\/api.w.org\/{rel}","templated":true}]}}